{"id":1687,"date":"2023-08-21T06:44:57","date_gmt":"2023-08-21T06:44:57","guid":{"rendered":"https:\/\/geomarnite.com\/?post_type=product&#038;p=1687"},"modified":"2026-01-18T17:20:55","modified_gmt":"2026-01-18T17:20:55","slug":"sahara-brown","status":"publish","type":"product","link":"https:\/\/geomarnite.com\/es\/product\/sahara-brown\/","title":{"rendered":"Marr\u00f3n S\u00e1hara"},"content":{"rendered":"","protected":false},"excerpt":{"rendered":"<p><strong><u>Especificaciones est\u00e1ndar y datos t\u00e9cnicos: -<\/u><\/strong><\/p>\n<p><strong>Fuerza compresiva:\u00a0<\/strong>( psi )23500<\/p>\n<p><strong>Fuerza flexible:<\/strong>\u00a0( psi )2300<\/p>\n<p><strong>Dureza de la resistencia a la abrasi\u00f3n:<\/strong>\u00a0( Ha )43,1<\/p>\n<p><strong>Densidad:<\/strong>\u00a0(Kg\/m3)2.674<\/p>\n<p><strong>Absorci\u00f3n de agua:<\/strong>\u00a00.04%<\/p>\n<p><strong>M\u00f3dulo de ruptura:<\/strong>\u00a0( psi ) 2400<\/p>","protected":false},"featured_media":1688,"comment_status":"open","ping_status":"closed","template":"","meta":[],"_links":{"self":[{"href":"https:\/\/geomarnite.com\/es\/wp-json\/wp\/v2\/product\/1687"}],"collection":[{"href":"https:\/\/geomarnite.com\/es\/wp-json\/wp\/v2\/product"}],"about":[{"href":"https:\/\/geomarnite.com\/es\/wp-json\/wp\/v2\/types\/product"}],"replies":[{"embeddable":true,"href":"https:\/\/geomarnite.com\/es\/wp-json\/wp\/v2\/comments?post=1687"}],"version-history":[{"count":1,"href":"https:\/\/geomarnite.com\/es\/wp-json\/wp\/v2\/product\/1687\/revisions"}],"predecessor-version":[{"id":1689,"href":"https:\/\/geomarnite.com\/es\/wp-json\/wp\/v2\/product\/1687\/revisions\/1689"}],"wp:featuredmedia":[{"embeddable":true,"href":"https:\/\/geomarnite.com\/es\/wp-json\/wp\/v2\/media\/1688"}],"wp:attachment":[{"href":"https:\/\/geomarnite.com\/es\/wp-json\/wp\/v2\/media?parent=1687"}],"curies":[{"name":"wp","href":"https:\/\/api.w.org\/{rel}","templated":true}]}}