{"id":1663,"date":"2023-08-21T06:39:52","date_gmt":"2023-08-21T06:39:52","guid":{"rendered":"https:\/\/geomarnite.com\/?post_type=product&#038;p=1663"},"modified":"2025-11-12T06:16:06","modified_gmt":"2025-11-12T06:16:06","slug":"nero-aswan","status":"publish","type":"product","link":"https:\/\/geomarnite.com\/es\/product\/nero-aswan\/","title":{"rendered":"Ner\u00f3n Asu\u00e1n"},"content":{"rendered":"","protected":false},"excerpt":{"rendered":"<p><strong><u>Granito egipcio negro Asu\u00e1n: \u2013<\/u><\/strong><strong><br \/>\nNombre del material : Asu\u00e1n negro<br \/>\nColor del granito: Granito negro<br \/>\nPa\u00eds de origen: Cantera de granito egipcia | Egipto<br \/>\nDisponibilidad de materiales: Bloques, losas peque\u00f1as, tejas, Encimeras<br \/>\nDimensiones de las losas peque\u00f1as: 160-300cm x 40, 50,60, 70, 80, 90, 105 cm<br \/>\nEspesor de las losas de granito (Disponibilidad): 18-20-30-40 (hasta 100 mm bajo pedido)<br \/>\nDimensiones de las losas de Granito (Disponibilidad): Cualquier dimensi\u00f3n<br \/>\nEspesor de las losas de Granito para pisos o paredes: 18-20-30-40mm (hasta 200mm bajo pedido)<br \/>\nAcabados superficiales: Pulido, Sierra, apomazado, Flameado<\/p>\n<p><u>Especificaciones est\u00e1ndar y datos t\u00e9cnicos: -<\/u><br \/>\nResistencia a la compresi\u00f3n: (psi) 29600<br \/>\nResistencia a la flexi\u00f3n: (psi) 4700<br \/>\nDureza de la resistencia a la abrasi\u00f3n: (Ha) 51,9<br \/>\nDensidad: ( Kg\/m3 )2.854<br \/>\nAbsorci\u00f3n de agua %: 0.03%<br \/>\nM\u00f3dulo de ruptura: (psi) 4500<\/strong><\/p>","protected":false},"featured_media":1664,"comment_status":"open","ping_status":"closed","template":"","meta":[],"_links":{"self":[{"href":"https:\/\/geomarnite.com\/es\/wp-json\/wp\/v2\/product\/1663"}],"collection":[{"href":"https:\/\/geomarnite.com\/es\/wp-json\/wp\/v2\/product"}],"about":[{"href":"https:\/\/geomarnite.com\/es\/wp-json\/wp\/v2\/types\/product"}],"replies":[{"embeddable":true,"href":"https:\/\/geomarnite.com\/es\/wp-json\/wp\/v2\/comments?post=1663"}],"version-history":[{"count":1,"href":"https:\/\/geomarnite.com\/es\/wp-json\/wp\/v2\/product\/1663\/revisions"}],"predecessor-version":[{"id":1665,"href":"https:\/\/geomarnite.com\/es\/wp-json\/wp\/v2\/product\/1663\/revisions\/1665"}],"wp:featuredmedia":[{"embeddable":true,"href":"https:\/\/geomarnite.com\/es\/wp-json\/wp\/v2\/media\/1664"}],"wp:attachment":[{"href":"https:\/\/geomarnite.com\/es\/wp-json\/wp\/v2\/media?parent=1663"}],"curies":[{"name":"wp","href":"https:\/\/api.w.org\/{rel}","templated":true}]}}