{"id":1617,"date":"2023-08-21T06:22:48","date_gmt":"2023-08-21T06:22:48","guid":{"rendered":"https:\/\/geomarnite.com\/?post_type=product&#038;p=1617"},"modified":"2023-08-21T06:22:48","modified_gmt":"2023-08-21T06:22:48","slug":"golden-sinai","status":"publish","type":"product","link":"https:\/\/geomarnite.com\/es\/product\/golden-sinai\/","title":{"rendered":"Sina\u00ed dorado"},"content":{"rendered":"","protected":false},"excerpt":{"rendered":"<p><strong><u>Especificaciones est\u00e1ndar y datos t\u00e9cnicos: -<\/u><\/strong><\/p>\n<p><strong>Fuerza compresiva:\u00a0<\/strong>( psi )22900<\/p>\n<p><strong>Fuerza flexible: (<\/strong>\u00a0psi )2100<\/p>\n<p><strong>Dureza de la resistencia a la abrasi\u00f3n:\u00a0<\/strong>( Ha )38,7<\/p>\n<p><strong>Densidad:\u00a0<\/strong>(Kg\/m3)2.648<\/p>\n<p><strong>Absorci\u00f3n de agua %:- \u00a0<\/strong>0.40 %<\/p>\n<p><strong>m\u00f3dulo de ruptura:\u00a0<\/strong>( psi )2200<\/p>","protected":false},"featured_media":1618,"comment_status":"open","ping_status":"closed","template":"","meta":[],"_links":{"self":[{"href":"https:\/\/geomarnite.com\/es\/wp-json\/wp\/v2\/product\/1617"}],"collection":[{"href":"https:\/\/geomarnite.com\/es\/wp-json\/wp\/v2\/product"}],"about":[{"href":"https:\/\/geomarnite.com\/es\/wp-json\/wp\/v2\/types\/product"}],"replies":[{"embeddable":true,"href":"https:\/\/geomarnite.com\/es\/wp-json\/wp\/v2\/comments?post=1617"}],"version-history":[{"count":1,"href":"https:\/\/geomarnite.com\/es\/wp-json\/wp\/v2\/product\/1617\/revisions"}],"predecessor-version":[{"id":1620,"href":"https:\/\/geomarnite.com\/es\/wp-json\/wp\/v2\/product\/1617\/revisions\/1620"}],"wp:featuredmedia":[{"embeddable":true,"href":"https:\/\/geomarnite.com\/es\/wp-json\/wp\/v2\/media\/1618"}],"wp:attachment":[{"href":"https:\/\/geomarnite.com\/es\/wp-json\/wp\/v2\/media?parent=1617"}],"curies":[{"name":"wp","href":"https:\/\/api.w.org\/{rel}","templated":true}]}}