{"id":1600,"date":"2023-08-21T06:17:52","date_gmt":"2023-08-21T06:17:52","guid":{"rendered":"https:\/\/geomarnite.com\/?post_type=product&#038;p=1600"},"modified":"2025-09-06T14:16:28","modified_gmt":"2025-09-06T14:16:28","slug":"brescia-sinai","status":"publish","type":"product","link":"https:\/\/geomarnite.com\/es\/product\/brescia-sinai\/","title":{"rendered":"Brescia Sina\u00ed"},"content":{"rendered":"","protected":false},"excerpt":{"rendered":"<p><strong><u>Especificaciones est\u00e1ndar y datos t\u00e9cnicos: -<\/u><\/strong><\/p>\n<p><strong>Fuerza compresiva:\u00a0<\/strong>( psi )20200<\/p>\n<p><strong>Fuerza flexible: (<\/strong>\u00a0psi) 1600<\/p>\n<p><strong>Dureza de la resistencia a la abrasi\u00f3n:\u00a0<\/strong>( Ha )33,9<\/p>\n<p><strong>Densidad:\u00a0<\/strong>(Kg\/m3)2.662<\/p>\n<p><strong>Absorci\u00f3n de agua %:\u00a0<\/strong>0.26%<\/p>\n<p><strong>m\u00f3dulo de ruptura:\u00a0<\/strong>( psi 2000 )<\/p>","protected":false},"featured_media":1601,"comment_status":"open","ping_status":"closed","template":"","meta":[],"_links":{"self":[{"href":"https:\/\/geomarnite.com\/es\/wp-json\/wp\/v2\/product\/1600"}],"collection":[{"href":"https:\/\/geomarnite.com\/es\/wp-json\/wp\/v2\/product"}],"about":[{"href":"https:\/\/geomarnite.com\/es\/wp-json\/wp\/v2\/types\/product"}],"replies":[{"embeddable":true,"href":"https:\/\/geomarnite.com\/es\/wp-json\/wp\/v2\/comments?post=1600"}],"version-history":[{"count":1,"href":"https:\/\/geomarnite.com\/es\/wp-json\/wp\/v2\/product\/1600\/revisions"}],"predecessor-version":[{"id":1602,"href":"https:\/\/geomarnite.com\/es\/wp-json\/wp\/v2\/product\/1600\/revisions\/1602"}],"wp:featuredmedia":[{"embeddable":true,"href":"https:\/\/geomarnite.com\/es\/wp-json\/wp\/v2\/media\/1601"}],"wp:attachment":[{"href":"https:\/\/geomarnite.com\/es\/wp-json\/wp\/v2\/media?parent=1600"}],"curies":[{"name":"wp","href":"https:\/\/api.w.org\/{rel}","templated":true}]}}