{"id":6,"date":"2019-06-05T15:28:06","date_gmt":"2019-06-05T15:28:06","guid":{"rendered":"https:\/\/jupiterx.artbees.net\/marble-producer\/?page_id=6"},"modified":"2023-08-25T06:15:33","modified_gmt":"2023-08-25T06:15:33","slug":"home","status":"publish","type":"page","link":"https:\/\/geomarnite.com\/es\/","title":{"rendered":"Hogar"},"content":{"rendered":"<div data-elementor-type=\"wp-post\" data-elementor-id=\"6\" class=\"elementor elementor-6\" data-elementor-settings=\"[]\">\n\t\t\t<div class=\"elementor-inner\">\n\t\t\t\t<div class=\"elementor-section-wrap\">\n\t\t\t\t\t\t\t<section class=\"elementor-element elementor-element-7987256 elementor-section-stretched elementor-section-full_width elementor-section-height-default elementor-section-height-default elementor-section elementor-top-section\" data-id=\"7987256\" data-element_type=\"section\" data-settings=\"{&quot;stretch_section&quot;:&quot;section-stretched&quot;}\">\n\t\t\t\t\t\t<div class=\"elementor-container elementor-column-gap-no\">\n\t\t\t\t<div class=\"elementor-row\">\n\t\t\t\t<div class=\"elementor-element elementor-element-bbea249 elementor-column elementor-col-100 elementor-top-column\" data-id=\"bbea249\" data-element_type=\"column\">\n\t\t\t<div class=\"elementor-column-wrap  elementor-element-populated\">\n\t\t\t\t\t<div class=\"elementor-widget-wrap\">\n\t\t\t\t<div class=\"elementor-element elementor-element-f254052 elementor-widget elementor-widget-jet-slider\" data-id=\"f254052\" data-element_type=\"widget\" data-widget_type=\"jet-slider.default\">\n\t\t\t\t<div class=\"elementor-widget-container\">\n\t\t\t<div class=\"elementor-jet-slider jet-elements\">\n<div class=\"jet-slider jet-slider__image-exact\" data-settings='{\"sliderWidth\":{\"unit\":\"%\",\"size\":100,\"sizes\":[]},\"sliderHeight\":{\"unit\":\"px\",\"size\":1080,\"sizes\":[]},\"sliderHeightTablet\":{\"unit\":\"px\",\"size\":550,\"sizes\":[]},\"sliderHeightMobile\":{\"unit\":\"px\",\"size\":500,\"sizes\":[]},\"sliderNavigation\":false,\"sliderNavigationIcon\":\"jet-slider__arrow-icon-f254052\",\"sliderNaviOnHover\":false,\"sliderPagination\":true,\"sliderAutoplay\":true,\"sliderAutoplayDelay\":5000,\"sliderAutoplayOnHover\":\"pause\",\"sliderFullScreen\":false,\"sliderFullscreenIcon\":\"jet-slider__fullscreen-icon-f254052\",\"sliderShuffle\":false,\"sliderLoop\":false,\"sliderFadeMode\":false,\"slideDistance\":{\"unit\":\"px\",\"size\":10,\"sizes\":[]},\"slideDuration\":500,\"imageScaleMode\":\"exact\",\"thumbnails\":false,\"thumbnailWidth\":120,\"thumbnailWidthTablet\":\"\",\"thumbnailWidthMobile\":\"\",\"thumbnailHeight\":80,\"thumbnailHeightTablet\":\"\",\"thumbnailHeightMobile\":\"\",\"rightToLeft\":false}'>\n\t\n<div class=\"slider-pro\"><div class=\"jet-slider__arrow-icon-f254052 hidden-html\"><\/div><div class=\"jet-slider__fullscreen-icon-f254052 hidden-html\"><\/div><div class=\"jet-slider__items sp-slides\">\n\n<div class=\"jet-slider__item sp-slide\"><img class=\"sp-image\" src=\"https:\/\/geomarnite.com\/wp-content\/uploads\/2019\/06\/home-slide-01-1.jpg\" alt=\"home-slide-01\"><div class=\"jet-slider__content sp-layer\" data-position=\"centerCenter\" data-width=\"100%\" data-height=\"100%\" data-horizontal=\"0%\" data-show-transition=\"up\" data-show-duration=\"400\" data-show-delay=\"400\">\n\t\t<div class=\"jet-slider__content-item\">\n\t\t\t<div class=\"jet-slider__content-inner\"><h5 class=\"jet-slider__title\">Geomarnita<\/h5><h5 class=\"jet-slider__subtitle\">M\u00e1rmol - Granito - Piedra Natural<\/h5>\n\t\t\t\t\t\t<div class=\"jet-slider__button-wrapper\"><a class=\"elementor-button elementor-size-md jet-slider__button jet-slider__button--primary\" href=\"https:\/\/geomarnite.com\/es\/about-us\/\">Sobre nosotros<\/a>\t\t\t\t\t\t<\/div><\/div>\n\t\t<\/div>\n\t<\/div>\n<\/div>\n\n<div class=\"jet-slider__item sp-slide\"><img class=\"sp-image\" src=\"https:\/\/geomarnite.com\/wp-content\/uploads\/2019\/06\/home-slide-01-1.jpg\" alt=\"home-slide-01\"><div class=\"jet-slider__content sp-layer\" data-position=\"centerCenter\" data-width=\"100%\" data-height=\"100%\" data-horizontal=\"0%\" data-show-transition=\"up\" data-show-duration=\"400\" data-show-delay=\"400\">\n\t\t<div class=\"jet-slider__content-item\">\n\t\t\t<div class=\"jet-slider__content-inner\"><h5 class=\"jet-slider__title\">Geomarnita<\/h5><h5 class=\"jet-slider__subtitle\">M\u00e1rmol - Granito - Piedra Natural<\/h5>\n\t\t\t\t\t\t<div class=\"jet-slider__button-wrapper\"><a class=\"elementor-button elementor-size-md jet-slider__button jet-slider__button--primary\" href=\"https:\/\/geomarnite.com\/es\/products\/\">Nuestros productos<\/a>\t\t\t\t\t\t<\/div><\/div>\n\t\t<\/div>\n\t<\/div>\n<\/div>\n\n<div class=\"jet-slider__item sp-slide\"><img class=\"sp-image\" src=\"https:\/\/geomarnite.com\/wp-content\/uploads\/2019\/06\/home-slide-01-1.jpg\" alt=\"home-slide-01\"><div class=\"jet-slider__content sp-layer\" data-position=\"centerCenter\" data-width=\"100%\" data-height=\"100%\" data-horizontal=\"0%\" data-show-transition=\"up\" data-show-duration=\"400\" data-show-delay=\"400\">\n\t\t<div class=\"jet-slider__content-item\">\n\t\t\t<div class=\"jet-slider__content-inner\"><h5 class=\"jet-slider__title\">Geomarnita<\/h5><h5 class=\"jet-slider__subtitle\">M\u00e1rmol - Granito - Piedra Natural<\/h5>\n\t\t\t\t\t\t<div class=\"jet-slider__button-wrapper\"><a class=\"elementor-button elementor-size-md jet-slider__button jet-slider__button--primary\" href=\"https:\/\/geomarnite.com\/es\/contact-us\/\">Cont\u00e1ctenos<\/a>\t\t\t\t\t\t<\/div><\/div>\n\t\t<\/div>\n\t<\/div>\n<\/div>\n\n<\/div>\n<\/div>\n<\/div>\n<\/div>\t\t<\/div>\n\t\t\t\t<\/div>\n\t\t\t\t\t\t<\/div>\n\t\t\t<\/div>\n\t\t<\/div>\n\t\t\t\t\t\t<\/div>\n\t\t\t<\/div>\n\t\t<\/section>\n\t\t\t\t<section class=\"elementor-element elementor-element-71f6d50 elementor-section-content-middle elementor-section-boxed elementor-section-height-default elementor-section-height-default elementor-section elementor-top-section\" data-id=\"71f6d50\" data-element_type=\"section\">\n\t\t\t\t\t\t<div class=\"elementor-container elementor-column-gap-no\">\n\t\t\t\t<div class=\"elementor-row\">\n\t\t\t\t<div class=\"elementor-element elementor-element-63f95c5 elementor-column elementor-col-100 elementor-top-column\" data-id=\"63f95c5\" data-element_type=\"column\">\n\t\t\t<div class=\"elementor-column-wrap  elementor-element-populated\">\n\t\t\t\t\t<div class=\"elementor-widget-wrap\">\n\t\t\t\t<div class=\"elementor-element elementor-element-a22c1ef elementor-align-center elementor-widget elementor-widget-raven-heading\" data-id=\"a22c1ef\" data-element_type=\"widget\" data-widget_type=\"raven-heading.default\">\n\t\t\t\t<div class=\"elementor-widget-container\">\n\t\t\t\t\t<div class=\"raven-widget-wrapper\"><h1 class=\"raven-heading raven-heading-h1\"><span class=\"raven-heading-title\">Geomarnite es su recurso integral para m\u00e1rmol, granito y piedra natural.<\/span><\/h1><\/div>\r\n\t\t\t\t<\/div>\n\t\t\t\t<\/div>\n\t\t\t\t\t\t<\/div>\n\t\t\t<\/div>\n\t\t<\/div>\n\t\t\t\t\t\t<\/div>\n\t\t\t<\/div>\n\t\t<\/section>\n\t\t\t\t<section class=\"elementor-element elementor-element-667e601 elementor-section-stretched elementor-section-full_width elementor-hidden-desktop elementor-hidden-tablet elementor-hidden-phone elementor-section-height-default elementor-section-height-default elementor-section elementor-top-section\" data-id=\"667e601\" data-element_type=\"section\" data-settings=\"{&quot;stretch_section&quot;:&quot;section-stretched&quot;}\">\n\t\t\t\t\t\t<div class=\"elementor-container elementor-column-gap-default\">\n\t\t\t\t<div class=\"elementor-row\">\n\t\t\t\t<div class=\"elementor-element elementor-element-bdc7d84 elementor-column elementor-col-50 elementor-top-column\" data-id=\"bdc7d84\" data-element_type=\"column\">\n\t\t\t<div class=\"elementor-column-wrap  elementor-element-populated\">\n\t\t\t\t\t<div class=\"elementor-widget-wrap\">\n\t\t\t\t<div class=\"elementor-element elementor-element-882d327 elementor-widget elementor-widget-raven-image\" data-id=\"882d327\" data-element_type=\"widget\" data-widget_type=\"raven-image.default\">\n\t\t\t\t<div class=\"elementor-widget-container\">\n\t\t\t\t\t<div class=\"raven-image\">\r\n\t\t\r\n\t\t\r\n\t\t<img width=\"613\" height=\"867\" src=\"https:\/\/geomarnite.com\/wp-content\/uploads\/2020\/10\/home-bg-04-1.png\" class=\"attachment-full size-full\" alt=\"\" loading=\"lazy\" srcset=\"https:\/\/geomarnite.com\/wp-content\/uploads\/2020\/10\/home-bg-04-1.png 613w, https:\/\/geomarnite.com\/wp-content\/uploads\/2020\/10\/home-bg-04-1-212x300.png 212w, https:\/\/geomarnite.com\/wp-content\/uploads\/2020\/10\/home-bg-04-1-290x410.png 290w\" sizes=\"(max-width: 613px) 100vw, 613px\" \/>\t\t<\/div>\r\n\t\t\t\t<\/div>\n\t\t\t\t<\/div>\n\t\t\t\t\t\t<\/div>\n\t\t\t<\/div>\n\t\t<\/div>\n\t\t\t\t<div class=\"elementor-element elementor-element-4844e60 elementor-column elementor-col-50 elementor-top-column\" data-id=\"4844e60\" data-element_type=\"column\">\n\t\t\t<div class=\"elementor-column-wrap  elementor-element-populated\">\n\t\t\t\t\t<div class=\"elementor-widget-wrap\">\n\t\t\t\t<div class=\"elementor-element elementor-element-7179af6 elementor-widget elementor-widget-spacer\" data-id=\"7179af6\" data-element_type=\"widget\" data-widget_type=\"spacer.default\">\n\t\t\t\t<div class=\"elementor-widget-container\">\n\t\t\t\t\t<div class=\"elementor-spacer\">\n\t\t\t<div class=\"elementor-spacer-inner\"><\/div>\n\t\t<\/div>\n\t\t\t\t<\/div>\n\t\t\t\t<\/div>\n\t\t\t\t<div class=\"elementor-element elementor-element-6563bcb elementor-align-left elementor-widget elementor-widget-raven-heading\" data-id=\"6563bcb\" data-element_type=\"widget\" data-widget_type=\"raven-heading.default\">\n\t\t\t\t<div class=\"elementor-widget-container\">\n\t\t\t\t\t<div class=\"raven-widget-wrapper\"><h3 class=\"raven-heading raven-heading-h3\"><span class=\"raven-heading-title\">Geomarnita<\/span><\/h3><\/div>\r\n\t\t\t\t<\/div>\n\t\t\t\t<\/div>\n\t\t\t\t<div class=\"elementor-element elementor-element-3e0c205 elementor-widget elementor-widget-divider\" data-id=\"3e0c205\" data-element_type=\"widget\" data-widget_type=\"divider.default\">\n\t\t\t\t<div class=\"elementor-widget-container\">\n\t\t\t\t\t<div class=\"elementor-divider\">\n\t\t\t<span class=\"elementor-divider-separator\">\n\t\t\t\t\t\t<\/span>\n\t\t<\/div>\n\t\t\t\t<\/div>\n\t\t\t\t<\/div>\n\t\t\t\t<div class=\"elementor-element elementor-element-0ee470a elementor-widget elementor-widget-spacer\" data-id=\"0ee470a\" data-element_type=\"widget\" data-widget_type=\"spacer.default\">\n\t\t\t\t<div class=\"elementor-widget-container\">\n\t\t\t\t\t<div class=\"elementor-spacer\">\n\t\t\t<div class=\"elementor-spacer-inner\"><\/div>\n\t\t<\/div>\n\t\t\t\t<\/div>\n\t\t\t\t<\/div>\n\t\t\t\t<div class=\"elementor-element elementor-element-3913301 elementor-widget elementor-widget-text-editor\" data-id=\"3913301\" data-element_type=\"widget\" data-widget_type=\"text-editor.default\">\n\t\t\t\t<div class=\"elementor-widget-container\">\n\t\t\t\t\t<div class=\"elementor-text-editor elementor-clearfix\"><p>Al seleccionar piedra natural, como m\u00e1rmol para sus pisos o granito para sus encimeras, es muy probable que el material elegido tenga m\u00e1s de cientos de millones de a\u00f1os. Desde la antig\u00fcedad, el m\u00e1rmol, el granito y la piedra natural fueron los \u00fanicos materiales utilizados en la construcci\u00f3n y decoraci\u00f3n de monumentos y arquitecturas preservando su significado hist\u00f3rico.<\/p><\/div>\n\t\t\t\t<\/div>\n\t\t\t\t<\/div>\n\t\t\t\t<div class=\"elementor-element elementor-element-42b9c02 elementor-align-left elementor-widget elementor-widget-raven-button\" data-id=\"42b9c02\" data-element_type=\"widget\" data-widget_type=\"raven-button.default\">\n\t\t\t\t<div class=\"elementor-widget-container\">\n\t\t\t\t\t<div class=\"raven-widget-wrapper\">\r\n\t\t\t<a class=\"raven-button raven-button-link\" href=\"https:\/\/geomarnite.com\/es\/about-us\/\">\r\n\t\t\t\t<span class=\"raven-button-content\">\r\n\t\t\t\t\t\t\t\t\t\t<span class=\"raven-button-text\">\r\n\t\t\t\t\t\tM\u00e1s detalles\t\t\t\t\t\t\t\t\t\t\t<\/span>\r\n\t\t\t\t<\/span>\r\n\t\t\t<\/a>\r\n\t\t<\/div>\r\n\t\t\t\t<\/div>\n\t\t\t\t<\/div>\n\t\t\t\t<div class=\"elementor-element elementor-element-bca2d94 elementor-widget elementor-widget-spacer\" data-id=\"bca2d94\" data-element_type=\"widget\" data-widget_type=\"spacer.default\">\n\t\t\t\t<div class=\"elementor-widget-container\">\n\t\t\t\t\t<div class=\"elementor-spacer\">\n\t\t\t<div class=\"elementor-spacer-inner\"><\/div>\n\t\t<\/div>\n\t\t\t\t<\/div>\n\t\t\t\t<\/div>\n\t\t\t\t<div class=\"elementor-element elementor-element-6ad6a32 elementor-widget elementor-widget-raven-image\" data-id=\"6ad6a32\" data-element_type=\"widget\" data-widget_type=\"raven-image.default\">\n\t\t\t\t<div class=\"elementor-widget-container\">\n\t\t\t\t\t<div class=\"raven-image\">\r\n\t\t\r\n\t\t\r\n\t\t<img width=\"855\" height=\"598\" src=\"https:\/\/geomarnite.com\/wp-content\/uploads\/2020\/10\/home-bg-05-1.png\" class=\"attachment-full size-full\" alt=\"\" loading=\"lazy\" srcset=\"https:\/\/geomarnite.com\/wp-content\/uploads\/2020\/10\/home-bg-05-1.png 855w, https:\/\/geomarnite.com\/wp-content\/uploads\/2020\/10\/home-bg-05-1-300x210.png 300w, https:\/\/geomarnite.com\/wp-content\/uploads\/2020\/10\/home-bg-05-1-768x537.png 768w, https:\/\/geomarnite.com\/wp-content\/uploads\/2020\/10\/home-bg-05-1-290x203.png 290w, https:\/\/geomarnite.com\/wp-content\/uploads\/2020\/10\/home-bg-05-1-653x457.png 653w\" sizes=\"(max-width: 855px) 100vw, 855px\" \/>\t\t<\/div>\r\n\t\t\t\t<\/div>\n\t\t\t\t<\/div>\n\t\t\t\t\t\t<\/div>\n\t\t\t<\/div>\n\t\t<\/div>\n\t\t\t\t\t\t<\/div>\n\t\t\t<\/div>\n\t\t<\/section>\n\t\t\t\t<section class=\"elementor-element elementor-element-b9165c2 elementor-section-stretched elementor-section-boxed elementor-section-height-default elementor-section-height-default elementor-section elementor-top-section\" data-id=\"b9165c2\" data-element_type=\"section\" data-settings=\"{&quot;stretch_section&quot;:&quot;section-stretched&quot;}\">\n\t\t\t\t\t\t<div class=\"elementor-container elementor-column-gap-default\">\n\t\t\t\t<div class=\"elementor-row\">\n\t\t\t\t<div class=\"elementor-element elementor-element-3e01ed0 elementor-column elementor-col-100 elementor-top-column\" data-id=\"3e01ed0\" data-element_type=\"column\">\n\t\t\t<div class=\"elementor-column-wrap  elementor-element-populated\">\n\t\t\t\t\t<div class=\"elementor-widget-wrap\">\n\t\t\t\t<div class=\"elementor-element elementor-element-adeaa0a elementor-align-center elementor-widget elementor-widget-raven-heading\" data-id=\"adeaa0a\" data-element_type=\"widget\" data-widget_type=\"raven-heading.default\">\n\t\t\t\t<div class=\"elementor-widget-container\">\n\t\t\t\t\t<div class=\"raven-widget-wrapper\"><h5 class=\"raven-heading raven-heading-h5\"><span class=\"raven-heading-title\">Geomarnita<\/span><\/h5><\/div>\r\n\t\t\t\t<\/div>\n\t\t\t\t<\/div>\n\t\t\t\t<div class=\"elementor-element elementor-element-03ce396 elementor-widget elementor-widget-spacer\" data-id=\"03ce396\" data-element_type=\"widget\" data-widget_type=\"spacer.default\">\n\t\t\t\t<div class=\"elementor-widget-container\">\n\t\t\t\t\t<div class=\"elementor-spacer\">\n\t\t\t<div class=\"elementor-spacer-inner\"><\/div>\n\t\t<\/div>\n\t\t\t\t<\/div>\n\t\t\t\t<\/div>\n\t\t\t\t<div class=\"elementor-element elementor-element-a6ea5b8 elementor-align-center elementor-widget elementor-widget-raven-heading\" data-id=\"a6ea5b8\" data-element_type=\"widget\" data-widget_type=\"raven-heading.default\">\n\t\t\t\t<div class=\"elementor-widget-container\">\n\t\t\t\t\t<div class=\"raven-widget-wrapper\"><h2 class=\"raven-heading raven-heading-h2\"><span class=\"raven-heading-title\">Los mejores productos para tu casa<\/span><\/h2><\/div>\r\n\t\t\t\t<\/div>\n\t\t\t\t<\/div>\n\t\t\t\t<div class=\"elementor-element elementor-element-5f00df6 elementor-widget elementor-widget-spacer\" data-id=\"5f00df6\" data-element_type=\"widget\" data-widget_type=\"spacer.default\">\n\t\t\t\t<div class=\"elementor-widget-container\">\n\t\t\t\t\t<div class=\"elementor-spacer\">\n\t\t\t<div class=\"elementor-spacer-inner\"><\/div>\n\t\t<\/div>\n\t\t\t\t<\/div>\n\t\t\t\t<\/div>\n\t\t\t\t<div class=\"elementor-element elementor-element-510756c elementor-widget elementor-widget-raven-wc-products\" data-id=\"510756c\" data-element_type=\"widget\" data-settings=\"{&quot;classic_columns&quot;:&quot;4&quot;,&quot;classic_rows&quot;:&quot;2&quot;,&quot;_skin&quot;:&quot;classic&quot;,&quot;classic_layout&quot;:&quot;grid&quot;,&quot;query_offset&quot;:0}\" data-widget_type=\"raven-wc-products.classic\">\n\t\t\t\t<div class=\"elementor-widget-container\">\n\t\t\t\t\t<div class=\"raven-wc-products-wrapper\" data-settings=\"{&quot;is_paginated&quot;:false,&quot;total&quot;:8,&quot;total_pages&quot;:1,&quot;per_page&quot;:8,&quot;current_page&quot;:1,&quot;pages_visible&quot;:7}\">\r\n\t\t\t<div class=\"woocommerce columns-4\">\r\n\t\t\t\t<ul class=\"products columns-4\">\n<li class=\"product type-product post-1687 status-publish first instock product_cat-granite has-post-thumbnail shipping-taxable product-type-simple\">\r\n\t<\/li>\r\n<li class=\"product type-product post-1683 status-publish instock product_cat-granite has-post-thumbnail shipping-taxable product-type-simple\">\r\n\t<\/li>\r\n<li class=\"product type-product post-1680 status-publish instock product_cat-granite has-post-thumbnail shipping-taxable product-type-simple\">\r\n\t<\/li>\r\n<li class=\"product type-product post-1677 status-publish last instock product_cat-granite has-post-thumbnail shipping-taxable product-type-simple\">\r\n\t<\/li>\r\n<li class=\"product type-product post-1674 status-publish first instock product_cat-granite has-post-thumbnail shipping-taxable product-type-simple\">\r\n\t<\/li>\r\n<li class=\"product type-product post-1671 status-publish instock product_cat-granite has-post-thumbnail shipping-taxable product-type-simple\">\r\n\t<\/li>\r\n<li class=\"product type-product post-1666 status-publish instock product_cat-granite has-post-thumbnail shipping-taxable product-type-simple\">\r\n\t<\/li>\r\n<li class=\"product type-product post-1663 status-publish last instock product_cat-granite has-post-thumbnail shipping-taxable product-type-simple\">\r\n\t<\/li>\r\n<\/ul>\n\t\t\t<\/div>\r\n\t\t<\/div>\r\n\t\t\t\t<\/div>\n\t\t\t\t<\/div>\n\t\t\t\t<div class=\"elementor-element elementor-element-c0db34d elementor-align-center elementor-widget elementor-widget-raven-button\" data-id=\"c0db34d\" data-element_type=\"widget\" data-widget_type=\"raven-button.default\">\n\t\t\t\t<div class=\"elementor-widget-container\">\n\t\t\t\t\t<div class=\"raven-widget-wrapper\">\r\n\t\t\t<a class=\"raven-button raven-button-link\" href=\"https:\/\/geomarnite.com\/es\/products\/\">\r\n\t\t\t\t<span class=\"raven-button-content\">\r\n\t\t\t\t\t\t\t\t\t\t<span class=\"raven-button-text\">\r\n\t\t\t\t\t\tVER TODOS LOS PRODUCTOS\t\t\t\t\t\t\t\t\t\t\t<\/span>\r\n\t\t\t\t<\/span>\r\n\t\t\t<\/a>\r\n\t\t<\/div>\r\n\t\t\t\t<\/div>\n\t\t\t\t<\/div>\n\t\t\t\t\t\t<\/div>\n\t\t\t<\/div>\n\t\t<\/div>\n\t\t\t\t\t\t<\/div>\n\t\t\t<\/div>\n\t\t<\/section>\n\t\t\t\t\t\t<\/div>\n\t\t\t<\/div>\n\t\t<\/div>","protected":false},"excerpt":{"rendered":"<p>Geomarnite Marble &#8211; Granite &#8211; Natural Stone About us Geomarnite Marble &#8211; Granite &#8211; Natural Stone Our Products Geomarnite Marble &#8211; Granite &#8211; Natural Stone Contact us Geomarnite is your one stop resource for marble,\u00a0granite and natural stone. Geomarnite When selecting natural stone such as marble for your floors or granite for your countertops, there [&hellip;]<\/p>","protected":false},"author":1,"featured_media":0,"parent":0,"menu_order":0,"comment_status":"closed","ping_status":"closed","template":"","meta":[],"_links":{"self":[{"href":"https:\/\/geomarnite.com\/es\/wp-json\/wp\/v2\/pages\/6"}],"collection":[{"href":"https:\/\/geomarnite.com\/es\/wp-json\/wp\/v2\/pages"}],"about":[{"href":"https:\/\/geomarnite.com\/es\/wp-json\/wp\/v2\/types\/page"}],"author":[{"embeddable":true,"href":"https:\/\/geomarnite.com\/es\/wp-json\/wp\/v2\/users\/1"}],"replies":[{"embeddable":true,"href":"https:\/\/geomarnite.com\/es\/wp-json\/wp\/v2\/comments?post=6"}],"version-history":[{"count":11,"href":"https:\/\/geomarnite.com\/es\/wp-json\/wp\/v2\/pages\/6\/revisions"}],"predecessor-version":[{"id":1692,"href":"https:\/\/geomarnite.com\/es\/wp-json\/wp\/v2\/pages\/6\/revisions\/1692"}],"wp:attachment":[{"href":"https:\/\/geomarnite.com\/es\/wp-json\/wp\/v2\/media?parent=6"}],"curies":[{"name":"wp","href":"https:\/\/api.w.org\/{rel}","templated":true}]}}