{"id":397,"date":"2019-06-08T12:48:28","date_gmt":"2019-06-08T12:48:28","guid":{"rendered":"https:\/\/jupiterx.artbees.net\/marble-producer\/?page_id=397"},"modified":"2023-09-02T07:36:49","modified_gmt":"2023-09-02T07:36:49","slug":"about-us","status":"publish","type":"page","link":"https:\/\/geomarnite.com\/es\/about-us\/","title":{"rendered":"Sobre nosotros"},"content":{"rendered":"<div data-elementor-type=\"wp-post\" data-elementor-id=\"397\" class=\"elementor elementor-397\" data-elementor-settings=\"[]\">\n\t\t\t<div class=\"elementor-inner\">\n\t\t\t\t<div class=\"elementor-section-wrap\">\n\t\t\t\t\t\t\t<section class=\"elementor-element elementor-element-ef9c0a9 elementor-section-stretched elementor-section-full_width elementor-section-height-min-height elementor-section-height-default elementor-section-items-middle elementor-section elementor-top-section\" data-id=\"ef9c0a9\" data-element_type=\"section\" data-settings=\"{&quot;stretch_section&quot;:&quot;section-stretched&quot;,&quot;background_background&quot;:&quot;classic&quot;}\">\n\t\t\t\t\t\t<div class=\"elementor-container elementor-column-gap-no\">\n\t\t\t\t<div class=\"elementor-row\">\n\t\t\t\t<div class=\"elementor-element elementor-element-5d46ce9 elementor-column elementor-col-100 elementor-top-column\" data-id=\"5d46ce9\" data-element_type=\"column\">\n\t\t\t<div class=\"elementor-column-wrap\">\n\t\t\t\t\t<div class=\"elementor-widget-wrap\">\n\t\t\t\t\t\t<\/div>\n\t\t\t<\/div>\n\t\t<\/div>\n\t\t\t\t\t\t<\/div>\n\t\t\t<\/div>\n\t\t<\/section>\n\t\t\t\t<section class=\"elementor-element elementor-element-1a2d17a elementor-section-height-min-height elementor-section-items-stretch elementor-section-boxed elementor-section-height-default elementor-section elementor-top-section\" data-id=\"1a2d17a\" data-element_type=\"section\">\n\t\t\t\t\t\t<div class=\"elementor-container elementor-column-gap-no\">\n\t\t\t\t<div class=\"elementor-row\">\n\t\t\t\t<div class=\"elementor-element elementor-element-a66f3e8 elementor-column elementor-col-100 elementor-top-column\" data-id=\"a66f3e8\" data-element_type=\"column\" data-settings=\"{&quot;background_background&quot;:&quot;classic&quot;}\">\n\t\t\t<div class=\"elementor-column-wrap  elementor-element-populated\">\n\t\t\t\t\t<div class=\"elementor-widget-wrap\">\n\t\t\t\t<div class=\"elementor-element elementor-element-c4480ee elementor-align-center elementor-widget elementor-widget-raven-heading\" data-id=\"c4480ee\" data-element_type=\"widget\" data-widget_type=\"raven-heading.default\">\n\t\t\t\t<div class=\"elementor-widget-container\">\n\t\t\t\t\t<div class=\"raven-widget-wrapper\"><h5 class=\"raven-heading raven-heading-h5\"><span class=\"raven-heading-title\">Geomarnita<\/span><\/h5><\/div>\r\n\t\t\t\t<\/div>\n\t\t\t\t<\/div>\n\t\t\t\t<div class=\"elementor-element elementor-element-0df0a30 elementor-widget elementor-widget-spacer\" data-id=\"0df0a30\" data-element_type=\"widget\" data-widget_type=\"spacer.default\">\n\t\t\t\t<div class=\"elementor-widget-container\">\n\t\t\t\t\t<div class=\"elementor-spacer\">\n\t\t\t<div class=\"elementor-spacer-inner\"><\/div>\n\t\t<\/div>\n\t\t\t\t<\/div>\n\t\t\t\t<\/div>\n\t\t\t\t<div class=\"elementor-element elementor-element-40016b5 elementor-align-center elementor-widget elementor-widget-raven-heading\" data-id=\"40016b5\" data-element_type=\"widget\" data-widget_type=\"raven-heading.default\">\n\t\t\t\t<div class=\"elementor-widget-container\">\n\t\t\t\t\t<div class=\"raven-widget-wrapper\"><h1 class=\"raven-heading raven-heading-h1\"><span class=\"raven-heading-title\">Sobre nosotros<\/span><\/h1><\/div>\r\n\t\t\t\t<\/div>\n\t\t\t\t<\/div>\n\t\t\t\t<div class=\"elementor-element elementor-element-86cd120 elementor-widget elementor-widget-spacer\" data-id=\"86cd120\" data-element_type=\"widget\" data-widget_type=\"spacer.default\">\n\t\t\t\t<div class=\"elementor-widget-container\">\n\t\t\t\t\t<div class=\"elementor-spacer\">\n\t\t\t<div class=\"elementor-spacer-inner\"><\/div>\n\t\t<\/div>\n\t\t\t\t<\/div>\n\t\t\t\t<\/div>\n\t\t\t\t<div class=\"elementor-element elementor-element-4e64301 elementor-align-center elementor-widget elementor-widget-raven-heading\" data-id=\"4e64301\" data-element_type=\"widget\" data-widget_type=\"raven-heading.default\">\n\t\t\t\t<div class=\"elementor-widget-container\">\n\t\t\t\t\t<div class=\"raven-widget-wrapper\"><h4 class=\"raven-heading raven-heading-h4\"><span class=\"raven-heading-title\">Al seleccionar piedra natural, como m\u00e1rmol para sus pisos o granito para sus encimeras, es muy probable que el material elegido tenga m\u00e1s de cientos de millones de a\u00f1os. Desde la antig\u00fcedad, el m\u00e1rmol, el granito y la piedra natural fueron los \u00fanicos materiales utilizados en la construcci\u00f3n y decoraci\u00f3n de monumentos y arquitecturas preservando su significado hist\u00f3rico. <\/span><\/h4><\/div>\r\n\t\t\t\t<\/div>\n\t\t\t\t<\/div>\n\t\t\t\t\t\t<\/div>\n\t\t\t<\/div>\n\t\t<\/div>\n\t\t\t\t\t\t<\/div>\n\t\t\t<\/div>\n\t\t<\/section>\n\t\t\t\t<section class=\"elementor-element elementor-element-09a2ef7 elementor-section-stretched elementor-section-boxed elementor-section-height-default elementor-section-height-default elementor-section elementor-top-section\" data-id=\"09a2ef7\" data-element_type=\"section\" data-settings=\"{&quot;stretch_section&quot;:&quot;section-stretched&quot;}\">\n\t\t\t\t\t\t<div class=\"elementor-container elementor-column-gap-no\">\n\t\t\t\t<div class=\"elementor-row\">\n\t\t\t\t<div class=\"elementor-element elementor-element-72c1c0f elementor-column elementor-col-50 elementor-top-column\" data-id=\"72c1c0f\" data-element_type=\"column\" data-settings=\"{&quot;background_background&quot;:&quot;classic&quot;}\">\n\t\t\t<div class=\"elementor-column-wrap  elementor-element-populated\">\n\t\t\t\t\t<div class=\"elementor-widget-wrap\">\n\t\t\t\t<div class=\"elementor-element elementor-element-265e511 footext elementor-widget elementor-widget-text-editor\" data-id=\"265e511\" data-element_type=\"widget\" data-widget_type=\"text-editor.default\">\n\t\t\t\t<div class=\"elementor-widget-container\">\n\t\t\t\t\t<div class=\"elementor-text-editor elementor-clearfix\"><p>En la antig\u00fcedad, los antiguos griegos aprendieron el trabajo en piedra de los egipcios. Ubicaron canteras de m\u00e1rmol en las islas del Mediterr\u00e1neo y utilizaron m\u00e1rmol para construir el Templo de Artemisa. Adem\u00e1s, la profunda admiraci\u00f3n por el Imperio griego impuls\u00f3 a los ingenieros romanos a copiar sus caminos de piedra donde se incorpor\u00f3 el uso de piedra arenisca en la construcci\u00f3n de estructuras imperiales.<\/p><\/div>\n\t\t\t\t<\/div>\n\t\t\t\t<\/div>\n\t\t\t\t\t\t<\/div>\n\t\t\t<\/div>\n\t\t<\/div>\n\t\t\t\t<div class=\"elementor-element elementor-element-ca7d9d3 elementor-column elementor-col-50 elementor-top-column\" data-id=\"ca7d9d3\" data-element_type=\"column\" data-settings=\"{&quot;background_background&quot;:&quot;classic&quot;}\">\n\t\t\t<div class=\"elementor-column-wrap  elementor-element-populated\">\n\t\t\t\t\t<div class=\"elementor-widget-wrap\">\n\t\t\t\t<div class=\"elementor-element elementor-element-857f2ba elementor-widget elementor-widget-spacer\" data-id=\"857f2ba\" data-element_type=\"widget\" data-widget_type=\"spacer.default\">\n\t\t\t\t<div class=\"elementor-widget-container\">\n\t\t\t\t\t<div class=\"elementor-spacer\">\n\t\t\t<div class=\"elementor-spacer-inner\"><\/div>\n\t\t<\/div>\n\t\t\t\t<\/div>\n\t\t\t\t<\/div>\n\t\t\t\t\t\t<\/div>\n\t\t\t<\/div>\n\t\t<\/div>\n\t\t\t\t\t\t<\/div>\n\t\t\t<\/div>\n\t\t<\/section>\n\t\t\t\t<section class=\"elementor-element elementor-element-73ba78e elementor-section-boxed elementor-section-height-default elementor-section-height-default elementor-section elementor-top-section\" data-id=\"73ba78e\" data-element_type=\"section\">\n\t\t\t\t\t\t<div class=\"elementor-container elementor-column-gap-default\">\n\t\t\t\t<div class=\"elementor-row\">\n\t\t\t\t<div class=\"elementor-element elementor-element-bf8f545 elementor-column elementor-col-100 elementor-top-column\" data-id=\"bf8f545\" data-element_type=\"column\">\n\t\t\t<div class=\"elementor-column-wrap  elementor-element-populated\">\n\t\t\t\t\t<div class=\"elementor-widget-wrap\">\n\t\t\t\t<div class=\"elementor-element elementor-element-0aca8aa elementor-widget elementor-widget-text-editor\" data-id=\"0aca8aa\" data-element_type=\"widget\" data-widget_type=\"text-editor.default\">\n\t\t\t\t<div class=\"elementor-widget-container\">\n\t\t\t\t\t<div class=\"elementor-text-editor elementor-clearfix\"><p>Durante la era de los antiguos egipcios, el granito se extra\u00eda del Alto Egipto y se utilizaba en la construcci\u00f3n de edificios y templos. La asombrosa mamposter\u00eda del Antiguo Egipto, que tambi\u00e9n ha sido considerada como una de las maravillas del mundo, son las Grandes Pir\u00e1mides de Giza, que alguna vez estuvieron cubiertas de suave piedra caliza. Sin embargo, esta piedra carec\u00eda de las soluciones de sellado modernas que ahora nos permiten mantener las encimeras y los pisos con un aspecto brillante y nuevo, como el uso regular de un sellador especialmente formulado.<\/p>\n<p>La naturaleza es la soluci\u00f3n perfecta y permanente. Desde la antig\u00fcedad, la extracci\u00f3n de m\u00e1rmol, granito y piedra natural fue el \u00fanico material utilizado en la construcci\u00f3n y decoraci\u00f3n de monumentos y arquitecturas que conservaron su hermoso significado hist\u00f3rico. Las mayores maravillas del mundo desde el fara\u00f3n, los \u00e1rbitros griegos y romanos incorporaron m\u00e1rmol, granito y piedra natural en la construcci\u00f3n de sus estructuras y templos imperiales.<\/p>\n<p>Geomarnite en su trayectoria construy\u00f3 su experiencia desde 1991. Ayudarlo a ser parte de nosotros, m\u00e1rmol de piedra natural para su piso, granito para su encimera, usted elige el material que se ha fabricado a trav\u00e9s de un proceso de cientos de millones de a\u00f1os.<\/p><\/div>\n\t\t\t\t<\/div>\n\t\t\t\t<\/div>\n\t\t\t\t\t\t<\/div>\n\t\t\t<\/div>\n\t\t<\/div>\n\t\t\t\t\t\t<\/div>\n\t\t\t<\/div>\n\t\t<\/section>\n\t\t\t\t\t\t<\/div>\n\t\t\t<\/div>\n\t\t<\/div>","protected":false},"excerpt":{"rendered":"<p>Geomarnite About us When selecting natural stone such as marble for your floors or granite for your countertops, there is a good chance the chosen material could be more than hundreds of million years old, Since ancient times, marble, granite and natural stone were the only materials used in the construction and decoration of monuments [&hellip;]<\/p>","protected":false},"author":1,"featured_media":0,"parent":0,"menu_order":0,"comment_status":"closed","ping_status":"closed","template":"","meta":[],"_links":{"self":[{"href":"https:\/\/geomarnite.com\/es\/wp-json\/wp\/v2\/pages\/397"}],"collection":[{"href":"https:\/\/geomarnite.com\/es\/wp-json\/wp\/v2\/pages"}],"about":[{"href":"https:\/\/geomarnite.com\/es\/wp-json\/wp\/v2\/types\/page"}],"author":[{"embeddable":true,"href":"https:\/\/geomarnite.com\/es\/wp-json\/wp\/v2\/users\/1"}],"replies":[{"embeddable":true,"href":"https:\/\/geomarnite.com\/es\/wp-json\/wp\/v2\/comments?post=397"}],"version-history":[{"count":13,"href":"https:\/\/geomarnite.com\/es\/wp-json\/wp\/v2\/pages\/397\/revisions"}],"predecessor-version":[{"id":1725,"href":"https:\/\/geomarnite.com\/es\/wp-json\/wp\/v2\/pages\/397\/revisions\/1725"}],"wp:attachment":[{"href":"https:\/\/geomarnite.com\/es\/wp-json\/wp\/v2\/media?parent=397"}],"curies":[{"name":"wp","href":"https:\/\/api.w.org\/{rel}","templated":true}]}}